{"id":799,"date":"2025-09-25T11:29:04","date_gmt":"2025-09-25T11:29:04","guid":{"rendered":"https:\/\/neu.sn-coaching.com\/?page_id=799"},"modified":"2025-10-14T10:54:56","modified_gmt":"2025-10-14T10:54:56","slug":"kontakt","status":"publish","type":"page","link":"https:\/\/sn-coaching.com\/en\/kontakt\/","title":{"rendered":"Contact"},"content":{"rendered":"<section class=\"gb-container gb-container-b605117b alignfull hero\">\n<div class=\"gb-container gb-container-ec0e0a50 wrapper-flex\">\n<div class=\"gb-container gb-container-a5e02a83 blob-c\">\n<div class=\"gb-container gb-container-51889656 shape-blob\"><\/div>\n\n<div class=\"gb-container gb-container-7c2840c7 shape-blob one\"><\/div>\n\n<div class=\"gb-container gb-container-5dc2d7c3 shape-blob two\"><\/div>\n\n<div class=\"gb-container gb-container-638a3dad shape-blob three\"><\/div>\n\n<div class=\"gb-container gb-container-db220c4a shape-blob five\"><\/div>\n\n<div class=\"gb-container gb-container-cace097d shape-blob six\"><\/div>\n<\/div>\n\n<div class=\"gb-container gb-container-4cd9d4cb absolute\">\n\n<h1 class=\"gb-headline gb-headline-1d53deb7 gb-headline-text\">\u201eIt\u2019s up to you!\u201c<\/h1>\n\n\n\n<p class=\"gb-headline gb-headline-40aca23a gb-headline-text intro\">Der erste Schritt ist deine Nachricht \u2013 der n\u00e4chste f\u00fchrt uns gemeinsam weiter.<br><br>Ich freue mich von dir zu h\u00f6ren!<\/p>\n\n<\/div>\n<\/div>\n<\/section>\n\n<section class=\"gb-container gb-container-9e2d68d5 alignwide bg wrapper\" id=\"contactform\">\n<div class=\"gb-container gb-container-d9f60dc4\">\n<div class=\"gb-container gb-container-cdd1760f\">\n<div class=\"gb-container gb-container-0a752ff2 wrapper\">\n\n<h2 class=\"gb-headline gb-headline-5059fdd9 gb-headline-text important\">Let&#8217;s connect!<\/h2>\n\n\n\n<p class=\"gb-headline gb-headline-120a8809 gb-headline-text important\">Silvia Nussbaumer<\/p>\n\n\n<div class=\"gb-container gb-container-d31e65ab\">\n\n<p class=\"gb-headline gb-headline-14510312\"><span class=\"gb-icon\"><svg aria-hidden=\"true\" role=\"img\" height=\"1em\" width=\"1em\" viewBox=\"0 0 512 512\" xmlns=\"http:\/\/www.w3.org\/2000\/svg\"><path fill=\"currentColor\" d=\"M493.4 24.6l-104-24c-11.3-2.6-22.9 3.3-27.5 13.9l-48 112c-4.2 9.8-1.4 21.3 6.9 28l60.6 49.6c-36 76.7-98.9 140.5-177.2 177.2l-49.6-60.6c-6.8-8.3-18.2-11.1-28-6.9l-112 48C3.9 366.5-2 378.1.6 389.4l24 104C27.1 504.2 36.7 512 48 512c256.1 0 464-207.5 464-464 0-11.2-7.7-20.9-18.6-23.4z\"><\/path><\/svg><\/span><span class=\"gb-headline-text\"><a href=\"tel:00436645484435\">+43 664 5484435<\/a><\/span><\/p>\n\n\n\n<p class=\"gb-headline gb-headline-453233a5\"><span class=\"gb-icon\"><svg aria-hidden=\"true\" role=\"img\" height=\"1em\" width=\"1em\" viewBox=\"0 0 512 512\" xmlns=\"http:\/\/www.w3.org\/2000\/svg\"><path fill=\"currentColor\" d=\"M464 64H48C21.49 64 0 85.49 0 112v288c0 26.51 21.49 48 48 48h416c26.51 0 48-21.49 48-48V112c0-26.51-21.49-48-48-48zm0 48v40.805c-22.422 18.259-58.168 46.651-134.587 106.49-16.841 13.247-50.201 45.072-73.413 44.701-23.208.375-56.579-31.459-73.413-44.701C106.18 199.465 70.425 171.067 48 152.805V112h416zM48 400V214.398c22.914 18.251 55.409 43.862 104.938 82.646 21.857 17.205 60.134 55.186 103.062 54.955 42.717.231 80.509-37.199 103.053-54.947 49.528-38.783 82.032-64.401 104.947-82.653V400H48z\"><\/path><\/svg><\/span><span class=\"gb-headline-text\"><a href=\"mai&#108;&#116;&#111;&#x3a;&#x69;&#x6e;&#x66;&#x6f;&#x40;sn-&#99;&#111;&#97;&#99;&#x68;&#x69;&#x6e;&#x67;&#x2e;&#x63;om\">&#x69;n&#x66;o&#x40;&#115;&#x6e;&#45;c&#x6f;a&#x63;&#104;&#x69;&#110;&#x67;&#46;c&#x6f;m<\/a><\/span><\/p>\n\n\n\n<p class=\"gb-headline gb-headline-f8c0a1ce\"><span class=\"gb-icon\"><svg aria-hidden=\"true\" role=\"img\" height=\"1em\" width=\"1em\" viewBox=\"0 0 384 512\" xmlns=\"http:\/\/www.w3.org\/2000\/svg\"><path fill=\"currentColor\" d=\"M172.268 501.67C26.97 291.031 0 269.413 0 192 0 85.961 85.961 0 192 0s192 85.961 192 192c0 77.413-26.97 99.031-172.268 309.67-9.535 13.774-29.93 13.773-39.464 0zM192 272c44.183 0 80-35.817 80-80s-35.817-80-80-80-80 35.817-80 80 35.817 80 80 80z\"><\/path><\/svg><\/span><span class=\"gb-headline-text\">Wien \u2013 Dornbirn \u2013 Z\u00fcrich<\/span><\/p>\n\n<\/div>\n<\/div>\n<\/div>\n\n<div class=\"gb-container gb-container-9b29e9ed\">\n<style id=\"wpforms-css-vars-659\">\n\t\t\t\t#wpforms-659 {\n\t\t\t\t--wpforms-field-border-size: 2px;\n--wpforms-field-border-radius: 6px;\n--wpforms-field-background-color: #141426;\n--wpforms-field-border-color: #C89A5B;\n--wpforms-field-border-color-spare: #C89A5B;\n--wpforms-field-text-color: #ECF0F3;\n--wpforms-label-color: #ECF0F3;\n--wpforms-label-sublabel-color: #ECF0F3;\n--wpforms-container-padding: 0px;\n--wpforms-container-border-width: 1px;\n--wpforms-container-border-radius: 3px;\n--wpforms-background-color: rgba(0, 0, 0, 0);\n--wpforms-field-size-input-height: 43px;\n--wpforms-field-size-input-spacing: 15px;\n--wpforms-field-size-font-size: 16px;\n--wpforms-field-size-line-height: 19px;\n--wpforms-field-size-padding-h: 14px;\n--wpforms-field-size-checkbox-size: 16px;\n--wpforms-field-size-sublabel-spacing: 5px;\n--wpforms-field-size-icon-size: 1;\n--wpforms-label-size-font-size: 16px;\n--wpforms-label-size-line-height: 19px;\n--wpforms-label-size-sublabel-font-size: 14px;\n--wpforms-label-size-sublabel-line-height: 17px;\n--wpforms-button-size-font-size: 17px;\n--wpforms-button-size-height: 41px;\n--wpforms-button-size-padding-h: 15px;\n--wpforms-button-size-margin-top: 10px;\n--wpforms-container-shadow-size-box-shadow: none;\n\t\t\t}\n\t\t\t<\/style><div class=\"wpforms-container wpforms-container-full custom-form wpforms-render-modern\" id=\"wpforms-659\"><form id=\"wpforms-form-659\" class=\"wpforms-validate wpforms-form wpforms-ajax-form\" data-formid=\"659\" method=\"post\" enctype=\"multipart\/form-data\" action=\"\/en\/wp-json\/wp\/v2\/pages\/799\" data-token=\"a852b4d1be4bc82e16b787ded8cdedd6\" data-token-time=\"1776312945\"><noscript class=\"wpforms-error-noscript\">Please enable JavaScript in your browser to complete this form.<\/noscript><div id=\"wpforms-error-noscript\" style=\"display: none;\">Please enable JavaScript in your browser to complete this form.<\/div><div class=\"wpforms-field-container\"><div id=\"wpforms-659-field_1-container\" class=\"wpforms-field wpforms-field-name\" data-field-id=\"1\"><fieldset><legend class=\"wpforms-field-label\">Name <span class=\"wpforms-required-label\" aria-hidden=\"true\">*<\/span><\/legend><div class=\"wpforms-field-row wpforms-field-large\"><div class=\"wpforms-field-row-block wpforms-first wpforms-one-half\"><input type=\"text\" id=\"wpforms-659-field_1\" class=\"wpforms-field-name-first wpforms-field-required\" name=\"wpforms[fields][1][first]\" placeholder=\"Vorname\" aria-errormessage=\"wpforms-659-field_1-error\" required><label for=\"wpforms-659-field_1\" class=\"wpforms-field-sublabel after wpforms-sublabel-hide\">First<\/label><\/div><div class=\"wpforms-field-row-block wpforms-one-half\"><input type=\"text\" id=\"wpforms-659-field_1-last\" class=\"wpforms-field-name-last wpforms-field-required\" name=\"wpforms[fields][1][last]\" placeholder=\"Nachname\" aria-errormessage=\"wpforms-659-field_1-last-error\" required><label for=\"wpforms-659-field_1-last\" class=\"wpforms-field-sublabel after wpforms-sublabel-hide\">Last<\/label><\/div><\/div><\/fieldset><\/div><div id=\"wpforms-659-field_2-container\" class=\"wpforms-field wpforms-field-email\" data-field-id=\"2\"><label class=\"wpforms-field-label\" for=\"wpforms-659-field_2\">E-Mail-Adresse <span class=\"wpforms-required-label\" aria-hidden=\"true\">*<\/span><\/label><input type=\"email\" id=\"wpforms-659-field_2\" class=\"wpforms-field-large wpforms-field-required\" name=\"wpforms[fields][2]\" spellcheck=\"false\" aria-errormessage=\"wpforms-659-field_2-error\" required><\/div><div id=\"wpforms-659-field_4-container\" class=\"wpforms-field wpforms-field-text\" data-field-id=\"4\"><label class=\"wpforms-field-label\" for=\"wpforms-659-field_4\">Telefonnummer <span class=\"wpforms-required-label\" aria-hidden=\"true\">*<\/span><\/label><input type=\"text\" id=\"wpforms-659-field_4\" class=\"wpforms-field-large wpforms-field-required\" name=\"wpforms[fields][4]\" aria-errormessage=\"wpforms-659-field_4-error\" required><\/div>\t\t<div id=\"wpforms-659-field_5-container\"\n\t\t\tclass=\"wpforms-field wpforms-field-text\"\n\t\t\tdata-field-type=\"text\"\n\t\t\tdata-field-id=\"5\"\n\t\t\t>\n\t\t\t<label class=\"wpforms-field-label\" for=\"wpforms-659-field_5\" >E-Mail-Adresse Nachricht Checkboxen<\/label>\n\t\t\t<input type=\"text\" id=\"wpforms-659-field_5\" class=\"wpforms-field-medium\" name=\"wpforms[fields][5]\" >\n\t\t<\/div>\n\t\t<div id=\"wpforms-659-field_3-container\" class=\"wpforms-field wpforms-field-textarea\" data-field-id=\"3\"><label class=\"wpforms-field-label\" for=\"wpforms-659-field_3\">Nachricht <span class=\"wpforms-required-label\" aria-hidden=\"true\">*<\/span><\/label><textarea id=\"wpforms-659-field_3\" class=\"wpforms-field-medium wpforms-field-required\" name=\"wpforms[fields][3]\" aria-errormessage=\"wpforms-659-field_3-error\" required><\/textarea><\/div><div id=\"wpforms-659-field_7-container\" class=\"wpforms-field wpforms-field-checkbox\" data-field-id=\"7\"><fieldset><legend class=\"wpforms-field-label wpforms-label-hide\" aria-hidden=\"false\">Checkboxen <span class=\"wpforms-required-label\" aria-hidden=\"true\">*<\/span><\/legend><ul id=\"wpforms-659-field_7\" class=\"wpforms-field-required\"><li class=\"choice-1 depth-1\"><input type=\"checkbox\" id=\"wpforms-659-field_7_1\" name=\"wpforms[fields][7][]\" value=\"Ich stimme der Verarbeitung meiner Daten gem\u00e4\u00df der &lt;a target=&quot;_blang&quot; href=&quot;\/datenschutz&quot;&gt;Datenschutzerkl\u00e4rung&lt;\/a&gt; zu.\" aria-errormessage=\"wpforms-659-field_7_1-error\" required ><label class=\"wpforms-field-label-inline\" for=\"wpforms-659-field_7_1\">Ich stimme der Verarbeitung meiner Daten gem\u00e4\u00df der <a target=\"_blang\" href=\"\/datenschutz\">Datenschutzerkl\u00e4rung<\/a> zu.<\/label><\/li><\/ul><\/fieldset><\/div><script>\n\t\t\t\t( function() {\n\t\t\t\t\tconst style = document.createElement( 'style' );\n\t\t\t\t\tstyle.appendChild( document.createTextNode( '#wpforms-659-field_5-container { position: absolute !important; overflow: hidden !important; display: inline !important; height: 1px !important; width: 1px !important; z-index: -1000 !important; padding: 0 !important; } #wpforms-659-field_5-container input { visibility: hidden; } #wpforms-conversational-form-page #wpforms-659-field_5-container label { counter-increment: none; }' ) );\n\t\t\t\t\tdocument.head.appendChild( style );\n\t\t\t\t\tdocument.currentScript?.remove();\n\t\t\t\t} )();\n\t\t\t<\/script><\/div><!-- .wpforms-field-container --><div class=\"wpforms-submit-container\" ><input type=\"hidden\" name=\"wpforms[id]\" value=\"659\"><input type=\"hidden\" name=\"page_title\" value=\"\"><input type=\"hidden\" name=\"page_url\" value=\"https:\/\/sn-coaching.com\/en\/wp-json\/wp\/v2\/pages\/799\"><input type=\"hidden\" name=\"url_referer\" value=\"\"><button type=\"submit\" name=\"wpforms[submit]\" id=\"wpforms-submit-659\" class=\"wpforms-submit gbp-button--primary\" data-alt-text=\"Wird gesendet\u00a0\u2026\" data-submit-text=\"Absenden\" aria-live=\"assertive\" value=\"wpforms-submit\">Absenden<\/button><img loading=\"lazy\" decoding=\"async\" src=\"https:\/\/sn-coaching.com\/wp-content\/plugins\/wpforms-lite\/assets\/images\/submit-spin.svg\" class=\"wpforms-submit-spinner\" style=\"display: none;\" width=\"26\" height=\"26\" alt=\"Loading\"><\/div><\/form><\/div>  <!-- .wpforms-container -->\n\n<\/div>\n<\/div>\n<\/section>","protected":false},"excerpt":{"rendered":"<p>\u201eIt\u2019s up to you!\u201c Der erste Schritt ist deine Nachricht \u2013 der n\u00e4chste f\u00fchrt uns gemeinsam weiter. Ich freue mich von dir zu h\u00f6ren! Let&#8217;s connect! Silvia Nussbaumer +43 664 5484435 &#x69;&#110;f&#x6f;&#64;s&#x6e;&#45;c&#x6f;&#97;c&#x68;&#105;n&#x67;&#46;c&#x6f;&#109; Wien \u2013 Dornbirn \u2013 Z\u00fcrich<\/p>","protected":false},"author":1,"featured_media":0,"parent":0,"menu_order":0,"comment_status":"closed","ping_status":"closed","template":"","meta":{"_acf_changed":false,"footnotes":""},"class_list":["post-799","page","type-page","status-publish"],"acf":[],"yoast_head":"<!-- This site is optimized with the Yoast SEO plugin v27.4 - https:\/\/yoast.com\/product\/yoast-seo-wordpress\/ -->\n<title>Kontakt - SN Coaching<\/title>\n<meta name=\"description\" content=\"Nimm Kontakt zu SN Coaching auf \u2013 online oder vor Ort in Wien &amp; Vorarlberg. Ich freue mich auf dein Anliegen &amp; begleite dich gerne auf deinem Weg.\" \/>\n<meta name=\"robots\" content=\"index, follow, max-snippet:-1, max-image-preview:large, max-video-preview:-1\" \/>\n<link rel=\"canonical\" href=\"https:\/\/sn-coaching.com\/en\/kontakt\/\" \/>\n<meta property=\"og:locale\" content=\"en_US\" \/>\n<meta property=\"og:type\" content=\"article\" \/>\n<meta property=\"og:title\" content=\"Kontakt - SN Coaching\" \/>\n<meta property=\"og:description\" content=\"Nimm Kontakt zu SN Coaching auf \u2013 online oder vor Ort in Wien &amp; Vorarlberg. Ich freue mich auf dein Anliegen &amp; begleite dich gerne auf deinem Weg.\" \/>\n<meta property=\"og:url\" content=\"https:\/\/sn-coaching.com\/en\/kontakt\/\" \/>\n<meta property=\"og:site_name\" content=\"SN Coaching\" \/>\n<meta property=\"article:publisher\" content=\"https:\/\/www.facebook.com\/silvia0502\" \/>\n<meta property=\"article:modified_time\" content=\"2025-10-14T10:54:56+00:00\" \/>\n<meta name=\"twitter:card\" content=\"summary_large_image\" \/>\n<meta name=\"twitter:label1\" content=\"Est. reading time\" \/>\n\t<meta name=\"twitter:data1\" content=\"1 minute\" \/>\n<script type=\"application\/ld+json\" class=\"yoast-schema-graph\">{\"@context\":\"https:\\\/\\\/schema.org\",\"@graph\":[{\"@type\":\"WebPage\",\"@id\":\"https:\\\/\\\/sn-coaching.com\\\/kontakt\\\/\",\"url\":\"https:\\\/\\\/sn-coaching.com\\\/kontakt\\\/\",\"name\":\"Kontakt - SN Coaching\",\"isPartOf\":{\"@id\":\"https:\\\/\\\/sn-coaching.com\\\/#website\"},\"datePublished\":\"2025-09-25T11:29:04+00:00\",\"dateModified\":\"2025-10-14T10:54:56+00:00\",\"description\":\"Nimm Kontakt zu SN Coaching auf \u2013 online oder vor Ort in Wien & Vorarlberg. Ich freue mich auf dein Anliegen & begleite dich gerne auf deinem Weg.\",\"breadcrumb\":{\"@id\":\"https:\\\/\\\/sn-coaching.com\\\/kontakt\\\/#breadcrumb\"},\"inLanguage\":\"en-US\",\"potentialAction\":[{\"@type\":\"ReadAction\",\"target\":[\"https:\\\/\\\/sn-coaching.com\\\/kontakt\\\/\"]}]},{\"@type\":\"BreadcrumbList\",\"@id\":\"https:\\\/\\\/sn-coaching.com\\\/kontakt\\\/#breadcrumb\",\"itemListElement\":[{\"@type\":\"ListItem\",\"position\":1,\"name\":\"Startseite\",\"item\":\"https:\\\/\\\/sn-coaching.com\\\/\"},{\"@type\":\"ListItem\",\"position\":2,\"name\":\"Kontakt\"}]},{\"@type\":\"WebSite\",\"@id\":\"https:\\\/\\\/sn-coaching.com\\\/#website\",\"url\":\"https:\\\/\\\/sn-coaching.com\\\/\",\"name\":\"SN Coaching\",\"description\":\"Silvia Nussbaumer\",\"publisher\":{\"@id\":\"https:\\\/\\\/sn-coaching.com\\\/#organization\"},\"potentialAction\":[{\"@type\":\"SearchAction\",\"target\":{\"@type\":\"EntryPoint\",\"urlTemplate\":\"https:\\\/\\\/sn-coaching.com\\\/?s={search_term_string}\"},\"query-input\":{\"@type\":\"PropertyValueSpecification\",\"valueRequired\":true,\"valueName\":\"search_term_string\"}}],\"inLanguage\":\"en-US\"},{\"@type\":\"Organization\",\"@id\":\"https:\\\/\\\/sn-coaching.com\\\/#organization\",\"name\":\"SN Coaching\",\"url\":\"https:\\\/\\\/sn-coaching.com\\\/\",\"logo\":{\"@type\":\"ImageObject\",\"inLanguage\":\"en-US\",\"@id\":\"https:\\\/\\\/sn-coaching.com\\\/#\\\/schema\\\/logo\\\/image\\\/\",\"url\":\"https:\\\/\\\/sn-coaching.com\\\/wp-content\\\/uploads\\\/2025\\\/09\\\/Logo_SN_weiss_silvia.svg\",\"contentUrl\":\"https:\\\/\\\/sn-coaching.com\\\/wp-content\\\/uploads\\\/2025\\\/09\\\/Logo_SN_weiss_silvia.svg\",\"width\":355,\"height\":144,\"caption\":\"SN Coaching\"},\"image\":{\"@id\":\"https:\\\/\\\/sn-coaching.com\\\/#\\\/schema\\\/logo\\\/image\\\/\"},\"sameAs\":[\"https:\\\/\\\/www.facebook.com\\\/silvia0502\",\"https:\\\/\\\/www.instagram.com\\\/s.nussbaumer\\\/\",\"https:\\\/\\\/www.linkedin.com\\\/in\\\/silvia-nussbaumer-58a57a83\\\/\"]}]}<\/script>\n<!-- \/ Yoast SEO plugin. -->","yoast_head_json":{"title":"Kontakt - SN Coaching","description":"Nimm Kontakt zu SN Coaching auf \u2013 online oder vor Ort in Wien & Vorarlberg. Ich freue mich auf dein Anliegen & begleite dich gerne auf deinem Weg.","robots":{"index":"index","follow":"follow","max-snippet":"max-snippet:-1","max-image-preview":"max-image-preview:large","max-video-preview":"max-video-preview:-1"},"canonical":"https:\/\/sn-coaching.com\/en\/kontakt\/","og_locale":"en_US","og_type":"article","og_title":"Kontakt - SN Coaching","og_description":"Nimm Kontakt zu SN Coaching auf \u2013 online oder vor Ort in Wien & Vorarlberg. Ich freue mich auf dein Anliegen & begleite dich gerne auf deinem Weg.","og_url":"https:\/\/sn-coaching.com\/en\/kontakt\/","og_site_name":"SN Coaching","article_publisher":"https:\/\/www.facebook.com\/silvia0502","article_modified_time":"2025-10-14T10:54:56+00:00","twitter_card":"summary_large_image","twitter_misc":{"Est. reading time":"1 minute"},"schema":{"@context":"https:\/\/schema.org","@graph":[{"@type":"WebPage","@id":"https:\/\/sn-coaching.com\/kontakt\/","url":"https:\/\/sn-coaching.com\/kontakt\/","name":"Kontakt - SN Coaching","isPartOf":{"@id":"https:\/\/sn-coaching.com\/#website"},"datePublished":"2025-09-25T11:29:04+00:00","dateModified":"2025-10-14T10:54:56+00:00","description":"Nimm Kontakt zu SN Coaching auf \u2013 online oder vor Ort in Wien & Vorarlberg. Ich freue mich auf dein Anliegen & begleite dich gerne auf deinem Weg.","breadcrumb":{"@id":"https:\/\/sn-coaching.com\/kontakt\/#breadcrumb"},"inLanguage":"en-US","potentialAction":[{"@type":"ReadAction","target":["https:\/\/sn-coaching.com\/kontakt\/"]}]},{"@type":"BreadcrumbList","@id":"https:\/\/sn-coaching.com\/kontakt\/#breadcrumb","itemListElement":[{"@type":"ListItem","position":1,"name":"Startseite","item":"https:\/\/sn-coaching.com\/"},{"@type":"ListItem","position":2,"name":"Kontakt"}]},{"@type":"WebSite","@id":"https:\/\/sn-coaching.com\/#website","url":"https:\/\/sn-coaching.com\/","name":"SN Coaching","description":"Silvia Nussbaumer","publisher":{"@id":"https:\/\/sn-coaching.com\/#organization"},"potentialAction":[{"@type":"SearchAction","target":{"@type":"EntryPoint","urlTemplate":"https:\/\/sn-coaching.com\/?s={search_term_string}"},"query-input":{"@type":"PropertyValueSpecification","valueRequired":true,"valueName":"search_term_string"}}],"inLanguage":"en-US"},{"@type":"Organization","@id":"https:\/\/sn-coaching.com\/#organization","name":"SN Coaching","url":"https:\/\/sn-coaching.com\/","logo":{"@type":"ImageObject","inLanguage":"en-US","@id":"https:\/\/sn-coaching.com\/#\/schema\/logo\/image\/","url":"https:\/\/sn-coaching.com\/wp-content\/uploads\/2025\/09\/Logo_SN_weiss_silvia.svg","contentUrl":"https:\/\/sn-coaching.com\/wp-content\/uploads\/2025\/09\/Logo_SN_weiss_silvia.svg","width":355,"height":144,"caption":"SN Coaching"},"image":{"@id":"https:\/\/sn-coaching.com\/#\/schema\/logo\/image\/"},"sameAs":["https:\/\/www.facebook.com\/silvia0502","https:\/\/www.instagram.com\/s.nussbaumer\/","https:\/\/www.linkedin.com\/in\/silvia-nussbaumer-58a57a83\/"]}]}},"_links":{"self":[{"href":"https:\/\/sn-coaching.com\/en\/wp-json\/wp\/v2\/pages\/799","targetHints":{"allow":["GET"]}}],"collection":[{"href":"https:\/\/sn-coaching.com\/en\/wp-json\/wp\/v2\/pages"}],"about":[{"href":"https:\/\/sn-coaching.com\/en\/wp-json\/wp\/v2\/types\/page"}],"author":[{"embeddable":true,"href":"https:\/\/sn-coaching.com\/en\/wp-json\/wp\/v2\/users\/1"}],"replies":[{"embeddable":true,"href":"https:\/\/sn-coaching.com\/en\/wp-json\/wp\/v2\/comments?post=799"}],"version-history":[{"count":20,"href":"https:\/\/sn-coaching.com\/en\/wp-json\/wp\/v2\/pages\/799\/revisions"}],"predecessor-version":[{"id":1733,"href":"https:\/\/sn-coaching.com\/en\/wp-json\/wp\/v2\/pages\/799\/revisions\/1733"}],"wp:attachment":[{"href":"https:\/\/sn-coaching.com\/en\/wp-json\/wp\/v2\/media?parent=799"}],"curies":[{"name":"wp","href":"https:\/\/api.w.org\/{rel}","templated":true}]}}