{"id":792,"date":"2025-09-25T11:28:19","date_gmt":"2025-09-25T11:28:19","guid":{"rendered":"https:\/\/neu.sn-coaching.com\/?page_id=792"},"modified":"2025-12-12T08:47:05","modified_gmt":"2025-12-12T08:47:05","slug":"angebote","status":"publish","type":"page","link":"https:\/\/sn-coaching.com\/en\/angebote\/","title":{"rendered":"Services"},"content":{"rendered":"<section class=\"gb-container gb-container-b605117b alignfull hero\">\n<div class=\"gb-container gb-container-ec0e0a50 wrapper-flex\">\n<div class=\"gb-container gb-container-a5e02a83 blob-c\">\n<div class=\"gb-container gb-container-51889656 shape-blob\"><\/div>\n\n<div class=\"gb-container gb-container-7c2840c7 shape-blob one\"><\/div>\n\n<div class=\"gb-container gb-container-5dc2d7c3 shape-blob two\"><\/div>\n\n<div class=\"gb-container gb-container-638a3dad shape-blob three\"><\/div>\n\n<div class=\"gb-container gb-container-db220c4a shape-blob five\"><\/div>\n\n<div class=\"gb-container gb-container-cace097d shape-blob six\"><\/div>\n<\/div>\n\n<div class=\"gb-container gb-container-4cd9d4cb absolute\">\n\n<h1 class=\"gb-headline gb-headline-1d53deb7 gb-headline-text\">Change starts here.<\/h1>\n\n\n\n<p class=\"gb-headline gb-headline-40aca23a gb-headline-text intro\">My work is for people and companies seeking change\u2014whether personal or professional. The methods are the same, but the topics vary. Here are my services.<\/p>\n\n<\/div>\n<\/div>\n<\/section>\n\n<section class=\"gb-container gb-container-8e050510 vorteile wrapper\" data-textcolor=\"#032f35\" data-bgcolor=\"#bcb8ad\">\n<div class=\"gb-container gb-container-608cefb9\">\n<div class=\"gb-container gb-container-711044ad cards\">\n<div class=\"gb-container gb-container-2b5a6ae9 card bg\">\n<div class=\"gb-container gb-container-5ee629d7\">\n\n<h3 class=\"gb-headline gb-headline-b6c8b423 gb-headline-text highlighted\">For you <mark class=\"gb-highlight\">personally<\/mark><\/h3>\n\n\n\n<p class=\"gb-headline gb-headline-0f8bf1f9 gb-headline-text\">Would you like to let go of old patterns, overcome blockages, or improve your health and self-confidence?<br>I support you in gaining clarity and bringing more ease into your life, step by step.<\/p>\n\n\n\n<p class=\"gb-headline gb-headline-65744da1 gb-headline-text\">Typical issues:<\/p>\n\n\n\n<ul class=\"wp-block-list\">\n<li>Fears and inner obstacles<\/li>\n\n\n\n<li>Understanding physical signals<\/li>\n\n\n\n<li>Boost self-esteem and self-confidence<\/li>\n\n\n\n<li>Working through old wounds and traumas<\/li>\n<\/ul>\n\n<\/div>\n<\/div>\n\n<div class=\"gb-container gb-container-022499e2 card bg\">\n<div class=\"gb-container gb-container-e2d4cb4d\">\n\n<h3 class=\"gb-headline gb-headline-ef9d1b8f gb-headline-text highlighted\">For <mark class=\"gb-highlight\">companies &amp; manager<\/mark><\/h3>\n\n\n\n<p class=\"gb-headline gb-headline-976be0cb gb-headline-text\">In everyday working life, there is more to it than just numbers\u2014it's about people, their potential, and collaboration. I support managers and teams in making resources visible and strengthening communication.<\/p>\n\n\n\n<p class=\"gb-headline gb-headline-a3db353c gb-headline-text\">Typical issues:<\/p>\n\n\n\n<ul class=\"wp-block-list\">\n<li>Develop leadership skills<\/li>\n\n\n\n<li>Improve team dynamics and communication<\/li>\n\n\n\n<li>Recognizing and reducing stress<\/li>\n\n\n\n<li>Making potential and strengths visible<\/li>\n<\/ul>\n\n<\/div>\n<\/div>\n<\/div>\n<\/div>\n<\/section>\n\n<section class=\"gb-container gb-container-a58d61a3 wrapper\" data-textcolor=\"#032f35\" data-bgcolor=\"#bcb8ad\">\n<div class=\"gb-container gb-container-2c75bffa\">\n\n<h2 class=\"gb-headline gb-headline-b26c354e gb-headline-text\">Services<\/h2>\n\n\n\n<div class=\"gb-grid-wrapper gb-grid-wrapper-caf51089 append-angebot-cta gb-query-loop-wrapper\" id=\"angebotloop\">\n<div class=\"gb-grid-column gb-grid-column-6c55a969 gb-query-loop-item post-1080 leistungen type-leistungen status-publish hentry\"><div class=\"gb-container gb-container-6c55a969 bg\">\n<figure class=\"gb-block-image gb-block-image-c219611a\"><img loading=\"lazy\" decoding=\"async\" width=\"500\" height=\"500\" src=\"https:\/\/sn-coaching.com\/wp-content\/uploads\/2025\/09\/SN_Icons_Coaching-1.svg\" class=\"gb-image-c219611a\" alt=\"\" \/><\/figure>\n\n<h2 class=\"gb-headline gb-headline-f2977c29 gb-headline-text\">Coaching<\/h2>\n\n<p class=\"gb-headline gb-headline-70122c49 small gb-headline-text\">EUR 150 per hour, excl. VAT<\/p>\n\n<div class=\"gb-headline gb-headline-3e9492ac gb-headline-text\">Flexible support for your current issues. For clarity, new perspectives, and first steps.<\/div>\n\n\n<\/div><\/div>\n\n<div class=\"gb-grid-column gb-query-loop-item special-card\" style=\"order:9999;\">\n  <div class=\"gb-container bg angebot-cta\">\n    <h2 class=\"gb-headline\">Start now!<\/h2>\n    <p>I look forward to your questions\u2014feel free to write to me.<\/p>\n    <a class=\"gbp-button--primary gb-button-text\" style=\"margin-left: auto; margin-right: auto;\" href=\"https:\/\/sn-coaching.com\/en\/kontakt\/\">Get in touch<\/a>\n  <\/div>\n<\/div>\n<div class=\"gb-grid-column gb-grid-column-6c55a969 gb-query-loop-item post-1116 leistungen type-leistungen status-publish hentry\"><div class=\"gb-container gb-container-6c55a969 bg\">\n<figure class=\"gb-block-image gb-block-image-c219611a\"><img loading=\"lazy\" decoding=\"async\" width=\"500\" height=\"500\" src=\"https:\/\/sn-coaching.com\/wp-content\/uploads\/2025\/09\/SN_Icons_Coaching-1.svg\" class=\"gb-image-c219611a\" alt=\"\" \/><\/figure>\n\n<h2 class=\"gb-headline gb-headline-f2977c29 gb-headline-text\">Power Coaching<\/h2>\n\n<p class=\"gb-headline gb-headline-70122c49 small gb-headline-text\">EUR 350 excl. VAT<\/p>\n\n<div class=\"gb-headline gb-headline-3e9492ac gb-headline-text\">Recommended initial coaching: intensively prepared, condensed into up to 3.5 hours. Ideal for achieving clarity and noticeable change in a short period of time.<\/div>\n\n\n<\/div><\/div>\n\n<div class=\"gb-grid-column gb-grid-column-6c55a969 gb-query-loop-item post-1117 leistungen type-leistungen status-publish hentry\"><div class=\"gb-container gb-container-6c55a969 bg\">\n<figure class=\"gb-block-image gb-block-image-c219611a\"><img loading=\"lazy\" decoding=\"async\" width=\"500\" height=\"500\" src=\"https:\/\/sn-coaching.com\/wp-content\/uploads\/2025\/09\/SN_Icons_Facereading-1.svg\" class=\"gb-image-c219611a\" alt=\"\" \/><\/figure>\n\n<h2 class=\"gb-headline gb-headline-f2977c29 gb-headline-text\">Face Reading<\/h2>\n\n<p class=\"gb-headline gb-headline-70122c49 small gb-headline-text\">EUR 250 excl. VAT<\/p>\n\n<div class=\"gb-headline gb-headline-3e9492ac gb-headline-text\">Your face as a mirror of your potential and inner issues.<\/div>\n\n<div class=\"gb-headline gb-headline-94c30d36 small gb-headline-text\">You will receive an extensive analysis of your personality, values, talents, and learning tasks. Just send me a photo of yourself in profile and from the side.<\/div>\n<\/div><\/div>\n\n<div class=\"gb-grid-column gb-grid-column-6c55a969 gb-query-loop-item post-1118 leistungen type-leistungen status-publish hentry\"><div class=\"gb-container gb-container-6c55a969 bg\">\n<figure class=\"gb-block-image gb-block-image-c219611a\"><img loading=\"lazy\" decoding=\"async\" width=\"500\" height=\"500\" src=\"https:\/\/sn-coaching.com\/wp-content\/uploads\/2025\/09\/SN_Icons_Bodyreading-1.svg\" class=\"gb-image-c219611a\" alt=\"\" \/><\/figure>\n\n<h2 class=\"gb-headline gb-headline-f2977c29 gb-headline-text\">Body Reading<\/h2>\n\n<p class=\"gb-headline gb-headline-70122c49 small gb-headline-text\">EUR 250 excl. VAT<\/p>\n\n<div class=\"gb-headline gb-headline-3e9492ac gb-headline-text\">Understanding body signals: What does your body trying to tell you.<\/div>\n\n<div class=\"gb-headline gb-headline-94c30d36 small gb-headline-text\">You will receive an extensive analysis of your health challenges, injuries, and\/or illnesses.<\/div>\n<\/div><\/div>\n<\/div>\n\n<\/div>\n<\/section>\n\n<section class=\"gb-container gb-container-ea24c654 alignfull hero\">\n<div class=\"gb-container gb-container-e6c39230 wrapper-flex\">\n<div class=\"gb-container gb-container-9e0888e1 absolute\"><a class=\"gb-container-link\" href=\"https:\/\/www.buchschmiede.at\/app\/book\/305467-Silvia-Nussbaumer-Just-me!-....nicht-normal!;bookType=PB\" rel=\"noopener noreferrer\" target=\"_blank\"><\/a>\n<div class=\"gb-container gb-container-b688d929\">\n<div class=\"gb-container gb-container-1c1e8b38 stoerer\"><a class=\"gb-container-link\" href=\"https:\/\/www.buchschmiede.at\/app\/book\/305467-Silvia-Nussbaumer-Just-me!-....nicht-normal!;bookType=PB\" rel=\"noopener noreferrer\" target=\"_blank\"><\/a>\n\n<p class=\"gb-headline gb-headline-6c0f371f gb-headline-text\">Jetzt <br>erh\u00e4ltlich!<\/p>\n\n<\/div>\n<\/div>\n\n<div class=\"gb-container gb-container-040ae487\">\n<div class=\"gb-container gb-container-eaaee71b stoerer\"><a class=\"gb-container-link\" href=\"https:\/\/www.buchschmiede.at\/app\/book\/305467-Silvia-Nussbaumer-Just-me!-....nicht-normal!;bookType=PB\" rel=\"noopener noreferrer\" target=\"_blank\"><\/a>\n\n<p class=\"gb-headline gb-headline-4705c32f gb-headline-text\">Jetzt <br>erh\u00e4ltlich!<\/p>\n\n<\/div>\n\n\n<h6 class=\"gb-headline gb-headline-c56c2d9d gb-headline-text\"><mark style=\"background-color:var(--contrast)\" class=\"has-inline-color has-base-2-color\">Ins Schwarze<\/mark><\/h6>\n\n\n\n<figure class=\"gb-block-image gb-block-image-916b77b1\"><img loading=\"lazy\" decoding=\"async\" width=\"2560\" height=\"1772\" class=\"gb-image gb-image-916b77b1\" src=\"https:\/\/sn-coaching.com\/wp-content\/uploads\/2025\/11\/Mockup_JUST-ME-nicht-normal_Softcover_Web-scaled.jpg\" alt=\"\" title=\"Mockup_JUST ME-nicht normal_Softcover_Web\" srcset=\"https:\/\/sn-coaching.com\/wp-content\/uploads\/2025\/11\/Mockup_JUST-ME-nicht-normal_Softcover_Web-scaled.jpg 2560w, https:\/\/sn-coaching.com\/wp-content\/uploads\/2025\/11\/Mockup_JUST-ME-nicht-normal_Softcover_Web-300x208.jpg 300w, https:\/\/sn-coaching.com\/wp-content\/uploads\/2025\/11\/Mockup_JUST-ME-nicht-normal_Softcover_Web-1024x709.jpg 1024w, https:\/\/sn-coaching.com\/wp-content\/uploads\/2025\/11\/Mockup_JUST-ME-nicht-normal_Softcover_Web-768x532.jpg 768w, https:\/\/sn-coaching.com\/wp-content\/uploads\/2025\/11\/Mockup_JUST-ME-nicht-normal_Softcover_Web-1536x1063.jpg 1536w, https:\/\/sn-coaching.com\/wp-content\/uploads\/2025\/11\/Mockup_JUST-ME-nicht-normal_Softcover_Web-2048x1418.jpg 2048w, https:\/\/sn-coaching.com\/wp-content\/uploads\/2025\/11\/Mockup_JUST-ME-nicht-normal_Softcover_Web-18x12.jpg 18w\" sizes=\"auto, (max-width: 2560px) 100vw, 2560px\" \/><\/figure>\n\n\n\n<h2 class=\"gb-headline gb-headline-80f5a2a0 gb-headline-text\">JUST ME!<\/h2>\n\n\n\n<h2 class=\"gb-headline gb-headline-d678bc71 gb-headline-text\">\u2026nicht normal! (in German)<\/h2>\n\n\n\n<p class=\"gb-headline gb-headline-c13019c9 intro\"><span class=\"gb-icon\"><svg aria-hidden=\"true\" role=\"img\" height=\"1em\" width=\"1em\" viewbox=\"0 0 512 512\" xmlns=\"http:\/\/www.w3.org\/2000\/svg\"><path fill=\"currentColor\" d=\"M256 8C119.033 8 8 119.033 8 256s111.033 248 248 248 248-111.033 248-248S392.967 8 256 8zm0 48c110.532 0 200 89.451 200 200 0 110.532-89.451 200-200 200-110.532 0-200-89.451-200-200 0-110.532 89.451-200 200-200m140.204 130.267l-22.536-22.718c-4.667-4.705-12.265-4.736-16.97-.068L215.346 303.697l-59.792-60.277c-4.667-4.705-12.265-4.736-16.97-.069l-22.719 22.536c-4.705 4.667-4.736 12.265-.068 16.971l90.781 91.516c4.667 4.705 12.265 4.736 16.97.068l172.589-171.204c4.704-4.668 4.734-12.266.067-16.971z\"><\/path><\/svg><\/span><span class=\"gb-headline-text\">For everyone who prefers to be real rather than \u201cnormal\u201d!<\/span><\/p>\n\n\n\n<p class=\"gb-headline gb-headline-d69e329d intro\"><span class=\"gb-icon\"><svg aria-hidden=\"true\" role=\"img\" height=\"1em\" width=\"1em\" viewbox=\"0 0 512 512\" xmlns=\"http:\/\/www.w3.org\/2000\/svg\"><path fill=\"currentColor\" d=\"M256 8C119.033 8 8 119.033 8 256s111.033 248 248 248 248-111.033 248-248S392.967 8 256 8zm0 48c110.532 0 200 89.451 200 200 0 110.532-89.451 200-200 200-110.532 0-200-89.451-200-200 0-110.532 89.451-200 200-200m140.204 130.267l-22.536-22.718c-4.667-4.705-12.265-4.736-16.97-.068L215.346 303.697l-59.792-60.277c-4.667-4.705-12.265-4.736-16.97-.069l-22.719 22.536c-4.705 4.667-4.736 12.265-.068 16.971l90.781 91.516c4.667 4.705 12.265 4.736 16.97.068l172.589-171.204c4.704-4.668 4.734-12.266.067-16.971z\"><\/path><\/svg><\/span><span class=\"gb-headline-text\">For everyone who wants to shape their own life!<\/span><\/p>\n\n\n\n<p class=\"gb-headline gb-headline-9b9f7f81 intro\"><span class=\"gb-icon\"><svg aria-hidden=\"true\" role=\"img\" height=\"1em\" width=\"1em\" viewbox=\"0 0 512 512\" xmlns=\"http:\/\/www.w3.org\/2000\/svg\"><path fill=\"currentColor\" d=\"M256 8C119.033 8 8 119.033 8 256s111.033 248 248 248 248-111.033 248-248S392.967 8 256 8zm0 48c110.532 0 200 89.451 200 200 0 110.532-89.451 200-200 200-110.532 0-200-89.451-200-200 0-110.532 89.451-200 200-200m140.204 130.267l-22.536-22.718c-4.667-4.705-12.265-4.736-16.97-.068L215.346 303.697l-59.792-60.277c-4.667-4.705-12.265-4.736-16.97-.069l-22.719 22.536c-4.705 4.667-4.736 12.265-.068 16.971l90.781 91.516c4.667 4.705 12.265 4.736 16.97.068l172.589-171.204c4.704-4.668 4.734-12.266.067-16.971z\"><\/path><\/svg><\/span><span class=\"gb-headline-text\">To think about, to laugh about, to imitate!<\/span><\/p>\n\n\n\n<a class=\"gb-button gb-button-b3ca6cbd gb-button-text gbp-button--secondary\" href=\"https:\/\/www.buchschmiede.at\/app\/book\/305467-Silvia-Nussbaumer-Just-me!-....nicht-normal!;bookType=PB\" target=\"_blank\" rel=\"noopener noreferrer\">Order now<\/a>\n\n<\/div>\n<\/div>\n<\/div>\n<\/section>","protected":false},"excerpt":{"rendered":"<p>Ver\u00e4nderung beginnt hier. Meine Arbeit richtet sich an Menschen und Unternehmen, die Ver\u00e4nderung suchen \u2013 privat oder beruflich. Die Methoden sind dieselben, die Themen verschieden. Hier findest du meine Angebote. F\u00fcr dich pers\u00f6nlich Du m\u00f6chtest alte Muster loslassen, Blockaden \u00fcberwinden oder deine Gesundheit und dein Selbstbewusstsein st\u00e4rken?Ich unterst\u00fctze dich dabei, Klarheit zu gewinnen und Schritt &#8230; <\/p>\n<p class=\"read-more-container\"><a title=\"Services\" class=\"read-more button\" href=\"https:\/\/sn-coaching.com\/en\/angebote\/#more-792\" aria-label=\"Read more about Angebote\">Read more<\/a><\/p>","protected":false},"author":1,"featured_media":0,"parent":0,"menu_order":0,"comment_status":"closed","ping_status":"closed","template":"","meta":{"_acf_changed":false,"footnotes":""},"class_list":["post-792","page","type-page","status-publish"],"acf":[],"yoast_head":"<!-- This site is optimized with the Yoast SEO plugin v27.4 - https:\/\/yoast.com\/product\/yoast-seo-wordpress\/ -->\n<title>Angebote - SN Coaching<\/title>\n<meta name=\"description\" content=\"SN Coaching bietet Coaching, F\u00fchrungskr\u00e4ftetraining, Face- &amp; Body Reading \u2013 f\u00fcr Privatpersonen und Unternehmen in Wien, Vorarlberg &amp; online.\" \/>\n<meta name=\"robots\" content=\"index, follow, max-snippet:-1, max-image-preview:large, max-video-preview:-1\" \/>\n<link rel=\"canonical\" href=\"https:\/\/sn-coaching.com\/en\/angebote\/\" \/>\n<meta property=\"og:locale\" content=\"en_US\" \/>\n<meta property=\"og:type\" content=\"article\" \/>\n<meta property=\"og:title\" content=\"Angebote - SN Coaching\" \/>\n<meta property=\"og:description\" content=\"SN Coaching bietet Coaching, F\u00fchrungskr\u00e4ftetraining, Face- &amp; Body Reading \u2013 f\u00fcr Privatpersonen und Unternehmen in Wien, Vorarlberg &amp; online.\" \/>\n<meta property=\"og:url\" content=\"https:\/\/sn-coaching.com\/en\/angebote\/\" \/>\n<meta property=\"og:site_name\" content=\"SN Coaching\" \/>\n<meta property=\"article:publisher\" content=\"https:\/\/www.facebook.com\/silvia0502\" \/>\n<meta property=\"article:modified_time\" content=\"2025-12-12T08:47:05+00:00\" \/>\n<meta property=\"og:image\" content=\"https:\/\/sn-coaching.com\/wp-content\/uploads\/2025\/11\/Mockup_JUST-ME-nicht-normal_Softcover_Web-scaled.jpg\" \/>\n<meta name=\"twitter:card\" content=\"summary_large_image\" \/>\n<meta name=\"twitter:label1\" content=\"Est. reading time\" \/>\n\t<meta name=\"twitter:data1\" content=\"2 minutes\" \/>\n<script type=\"application\/ld+json\" class=\"yoast-schema-graph\">{\"@context\":\"https:\\\/\\\/schema.org\",\"@graph\":[{\"@type\":\"WebPage\",\"@id\":\"https:\\\/\\\/sn-coaching.com\\\/angebote\\\/\",\"url\":\"https:\\\/\\\/sn-coaching.com\\\/angebote\\\/\",\"name\":\"Angebote - SN Coaching\",\"isPartOf\":{\"@id\":\"https:\\\/\\\/sn-coaching.com\\\/#website\"},\"primaryImageOfPage\":{\"@id\":\"https:\\\/\\\/sn-coaching.com\\\/angebote\\\/#primaryimage\"},\"image\":{\"@id\":\"https:\\\/\\\/sn-coaching.com\\\/angebote\\\/#primaryimage\"},\"thumbnailUrl\":\"https:\\\/\\\/sn-coaching.com\\\/wp-content\\\/uploads\\\/2025\\\/11\\\/Mockup_JUST-ME-nicht-normal_Softcover_Web-scaled.jpg\",\"datePublished\":\"2025-09-25T11:28:19+00:00\",\"dateModified\":\"2025-12-12T08:47:05+00:00\",\"description\":\"SN Coaching bietet Coaching, F\u00fchrungskr\u00e4ftetraining, Face- & Body Reading \u2013 f\u00fcr Privatpersonen und Unternehmen in Wien, Vorarlberg & online.\",\"breadcrumb\":{\"@id\":\"https:\\\/\\\/sn-coaching.com\\\/angebote\\\/#breadcrumb\"},\"inLanguage\":\"en-US\",\"potentialAction\":[{\"@type\":\"ReadAction\",\"target\":[\"https:\\\/\\\/sn-coaching.com\\\/angebote\\\/\"]}]},{\"@type\":\"ImageObject\",\"inLanguage\":\"en-US\",\"@id\":\"https:\\\/\\\/sn-coaching.com\\\/angebote\\\/#primaryimage\",\"url\":\"https:\\\/\\\/sn-coaching.com\\\/wp-content\\\/uploads\\\/2025\\\/11\\\/Mockup_JUST-ME-nicht-normal_Softcover_Web-scaled.jpg\",\"contentUrl\":\"https:\\\/\\\/sn-coaching.com\\\/wp-content\\\/uploads\\\/2025\\\/11\\\/Mockup_JUST-ME-nicht-normal_Softcover_Web-scaled.jpg\"},{\"@type\":\"BreadcrumbList\",\"@id\":\"https:\\\/\\\/sn-coaching.com\\\/angebote\\\/#breadcrumb\",\"itemListElement\":[{\"@type\":\"ListItem\",\"position\":1,\"name\":\"Startseite\",\"item\":\"https:\\\/\\\/sn-coaching.com\\\/\"},{\"@type\":\"ListItem\",\"position\":2,\"name\":\"Angebote\"}]},{\"@type\":\"WebSite\",\"@id\":\"https:\\\/\\\/sn-coaching.com\\\/#website\",\"url\":\"https:\\\/\\\/sn-coaching.com\\\/\",\"name\":\"SN Coaching\",\"description\":\"Silvia Nussbaumer\",\"publisher\":{\"@id\":\"https:\\\/\\\/sn-coaching.com\\\/#organization\"},\"potentialAction\":[{\"@type\":\"SearchAction\",\"target\":{\"@type\":\"EntryPoint\",\"urlTemplate\":\"https:\\\/\\\/sn-coaching.com\\\/?s={search_term_string}\"},\"query-input\":{\"@type\":\"PropertyValueSpecification\",\"valueRequired\":true,\"valueName\":\"search_term_string\"}}],\"inLanguage\":\"en-US\"},{\"@type\":\"Organization\",\"@id\":\"https:\\\/\\\/sn-coaching.com\\\/#organization\",\"name\":\"SN Coaching\",\"url\":\"https:\\\/\\\/sn-coaching.com\\\/\",\"logo\":{\"@type\":\"ImageObject\",\"inLanguage\":\"en-US\",\"@id\":\"https:\\\/\\\/sn-coaching.com\\\/#\\\/schema\\\/logo\\\/image\\\/\",\"url\":\"https:\\\/\\\/sn-coaching.com\\\/wp-content\\\/uploads\\\/2025\\\/09\\\/Logo_SN_weiss_silvia.svg\",\"contentUrl\":\"https:\\\/\\\/sn-coaching.com\\\/wp-content\\\/uploads\\\/2025\\\/09\\\/Logo_SN_weiss_silvia.svg\",\"width\":355,\"height\":144,\"caption\":\"SN Coaching\"},\"image\":{\"@id\":\"https:\\\/\\\/sn-coaching.com\\\/#\\\/schema\\\/logo\\\/image\\\/\"},\"sameAs\":[\"https:\\\/\\\/www.facebook.com\\\/silvia0502\",\"https:\\\/\\\/www.instagram.com\\\/s.nussbaumer\\\/\",\"https:\\\/\\\/www.linkedin.com\\\/in\\\/silvia-nussbaumer-58a57a83\\\/\"]}]}<\/script>\n<!-- \/ Yoast SEO plugin. -->","yoast_head_json":{"title":"Angebote - SN Coaching","description":"SN Coaching bietet Coaching, F\u00fchrungskr\u00e4ftetraining, Face- & Body Reading \u2013 f\u00fcr Privatpersonen und Unternehmen in Wien, Vorarlberg & online.","robots":{"index":"index","follow":"follow","max-snippet":"max-snippet:-1","max-image-preview":"max-image-preview:large","max-video-preview":"max-video-preview:-1"},"canonical":"https:\/\/sn-coaching.com\/en\/angebote\/","og_locale":"en_US","og_type":"article","og_title":"Angebote - SN Coaching","og_description":"SN Coaching bietet Coaching, F\u00fchrungskr\u00e4ftetraining, Face- & Body Reading \u2013 f\u00fcr Privatpersonen und Unternehmen in Wien, Vorarlberg & online.","og_url":"https:\/\/sn-coaching.com\/en\/angebote\/","og_site_name":"SN Coaching","article_publisher":"https:\/\/www.facebook.com\/silvia0502","article_modified_time":"2025-12-12T08:47:05+00:00","og_image":[{"url":"https:\/\/sn-coaching.com\/wp-content\/uploads\/2025\/11\/Mockup_JUST-ME-nicht-normal_Softcover_Web-scaled.jpg","type":"","width":"","height":""}],"twitter_card":"summary_large_image","twitter_misc":{"Est. reading time":"2 minutes"},"schema":{"@context":"https:\/\/schema.org","@graph":[{"@type":"WebPage","@id":"https:\/\/sn-coaching.com\/angebote\/","url":"https:\/\/sn-coaching.com\/angebote\/","name":"Angebote - SN Coaching","isPartOf":{"@id":"https:\/\/sn-coaching.com\/#website"},"primaryImageOfPage":{"@id":"https:\/\/sn-coaching.com\/angebote\/#primaryimage"},"image":{"@id":"https:\/\/sn-coaching.com\/angebote\/#primaryimage"},"thumbnailUrl":"https:\/\/sn-coaching.com\/wp-content\/uploads\/2025\/11\/Mockup_JUST-ME-nicht-normal_Softcover_Web-scaled.jpg","datePublished":"2025-09-25T11:28:19+00:00","dateModified":"2025-12-12T08:47:05+00:00","description":"SN Coaching bietet Coaching, F\u00fchrungskr\u00e4ftetraining, Face- & Body Reading \u2013 f\u00fcr Privatpersonen und Unternehmen in Wien, Vorarlberg & online.","breadcrumb":{"@id":"https:\/\/sn-coaching.com\/angebote\/#breadcrumb"},"inLanguage":"en-US","potentialAction":[{"@type":"ReadAction","target":["https:\/\/sn-coaching.com\/angebote\/"]}]},{"@type":"ImageObject","inLanguage":"en-US","@id":"https:\/\/sn-coaching.com\/angebote\/#primaryimage","url":"https:\/\/sn-coaching.com\/wp-content\/uploads\/2025\/11\/Mockup_JUST-ME-nicht-normal_Softcover_Web-scaled.jpg","contentUrl":"https:\/\/sn-coaching.com\/wp-content\/uploads\/2025\/11\/Mockup_JUST-ME-nicht-normal_Softcover_Web-scaled.jpg"},{"@type":"BreadcrumbList","@id":"https:\/\/sn-coaching.com\/angebote\/#breadcrumb","itemListElement":[{"@type":"ListItem","position":1,"name":"Startseite","item":"https:\/\/sn-coaching.com\/"},{"@type":"ListItem","position":2,"name":"Angebote"}]},{"@type":"WebSite","@id":"https:\/\/sn-coaching.com\/#website","url":"https:\/\/sn-coaching.com\/","name":"SN Coaching","description":"Silvia Nussbaumer","publisher":{"@id":"https:\/\/sn-coaching.com\/#organization"},"potentialAction":[{"@type":"SearchAction","target":{"@type":"EntryPoint","urlTemplate":"https:\/\/sn-coaching.com\/?s={search_term_string}"},"query-input":{"@type":"PropertyValueSpecification","valueRequired":true,"valueName":"search_term_string"}}],"inLanguage":"en-US"},{"@type":"Organization","@id":"https:\/\/sn-coaching.com\/#organization","name":"SN Coaching","url":"https:\/\/sn-coaching.com\/","logo":{"@type":"ImageObject","inLanguage":"en-US","@id":"https:\/\/sn-coaching.com\/#\/schema\/logo\/image\/","url":"https:\/\/sn-coaching.com\/wp-content\/uploads\/2025\/09\/Logo_SN_weiss_silvia.svg","contentUrl":"https:\/\/sn-coaching.com\/wp-content\/uploads\/2025\/09\/Logo_SN_weiss_silvia.svg","width":355,"height":144,"caption":"SN Coaching"},"image":{"@id":"https:\/\/sn-coaching.com\/#\/schema\/logo\/image\/"},"sameAs":["https:\/\/www.facebook.com\/silvia0502","https:\/\/www.instagram.com\/s.nussbaumer\/","https:\/\/www.linkedin.com\/in\/silvia-nussbaumer-58a57a83\/"]}]}},"_links":{"self":[{"href":"https:\/\/sn-coaching.com\/en\/wp-json\/wp\/v2\/pages\/792","targetHints":{"allow":["GET"]}}],"collection":[{"href":"https:\/\/sn-coaching.com\/en\/wp-json\/wp\/v2\/pages"}],"about":[{"href":"https:\/\/sn-coaching.com\/en\/wp-json\/wp\/v2\/types\/page"}],"author":[{"embeddable":true,"href":"https:\/\/sn-coaching.com\/en\/wp-json\/wp\/v2\/users\/1"}],"replies":[{"embeddable":true,"href":"https:\/\/sn-coaching.com\/en\/wp-json\/wp\/v2\/comments?post=792"}],"version-history":[{"count":107,"href":"https:\/\/sn-coaching.com\/en\/wp-json\/wp\/v2\/pages\/792\/revisions"}],"predecessor-version":[{"id":1919,"href":"https:\/\/sn-coaching.com\/en\/wp-json\/wp\/v2\/pages\/792\/revisions\/1919"}],"wp:attachment":[{"href":"https:\/\/sn-coaching.com\/en\/wp-json\/wp\/v2\/media?parent=792"}],"curies":[{"name":"wp","href":"https:\/\/api.w.org\/{rel}","templated":true}]}}