{"id":1846,"date":"2025-12-11T08:26:20","date_gmt":"2025-12-11T08:26:20","guid":{"rendered":"https:\/\/sn-coaching.com\/?page_id=1846"},"modified":"2026-02-09T10:34:49","modified_gmt":"2026-02-09T10:34:49","slug":"vortrage","status":"publish","type":"page","link":"https:\/\/sn-coaching.com\/en\/vortrage\/","title":{"rendered":"Lectures"},"content":{"rendered":"<section class=\"gb-container gb-container-b605117b alignfull hero\">\n<div class=\"gb-container gb-container-ec0e0a50 wrapper-flex\">\n<div class=\"gb-container gb-container-a5e02a83 blob-c\">\n<div class=\"gb-container gb-container-51889656 shape-blob\"><\/div>\n\n<div class=\"gb-container gb-container-7c2840c7 shape-blob one\"><\/div>\n\n<div class=\"gb-container gb-container-5dc2d7c3 shape-blob two\"><\/div>\n\n<div class=\"gb-container gb-container-638a3dad shape-blob three\"><\/div>\n\n<div class=\"gb-container gb-container-db220c4a shape-blob five\"><\/div>\n\n<div class=\"gb-container gb-container-cace097d shape-blob six\"><\/div>\n<\/div>\n\n<div class=\"gb-container gb-container-fc0e88f2 has-no-post-message\">\n\n<h2 class=\"gb-headline gb-headline-898fced1 gb-headline-text\">Seminars and Talks<\/h2>\n\n\n\n<div class=\"gb-grid-wrapper gb-grid-wrapper-880474fc gb-query-loop-wrapper\"><\/div>\n\n<div class=\"gb-container gb-container-0e27997a no-post-message\">\n\n<div class=\"gb-headline gb-headline-931491d7 gb-headline-text intro\">There are currently no seminars or lectures planned. To stay up to date, please sign up for my newsletter.<\/div>\n\n\n\n<button style=\"color: var(--base);\" class=\"ml-onclick-form newsletter-trigger gbp-button--primary\"\n  onclick=\"return handleMailerLiteClick(event);\">\n  Subscribe to newsletter\n<\/button>\n\n<\/div>\n\n<\/div>\n<\/div>\n<\/section>\n\n<section class=\"gb-container gb-container-fa91e02f wrapper\" data-textcolor=\"#032f35\" data-bgcolor=\"#bcb8ad\">\n<div class=\"gb-container gb-container-895309cf absolute\">\n\n<h2 class=\"gb-headline gb-headline-10878705 gb-headline-text\">Review: Past events<\/h2>\n\n\n\n<div class=\"gb-grid-wrapper gb-grid-wrapper-c6035de8 gb-query-loop-wrapper\">\n<div class=\"gb-grid-column gb-grid-column-0cfe24c1 gb-query-loop-item post-1382 seminare-vortraege type-seminare-vortraege status-publish has-post-thumbnail hentry kategorie-vergangen kategorie-vortrag\"><div class=\"gb-container gb-container-0cfe24c1 bg\"><a class=\"gb-container-link\" href=\"https:\/\/sn-coaching.com\/en\/seminare-vortraege\/face-reading-es-steht-dir-ins-gesicht-geschrieben\/\"><\/a>\n<div class=\"gb-container gb-container-ac3cc37b\">\n<figure class=\"gb-block-image gb-block-image-9c60314d\"><img loading=\"lazy\" decoding=\"async\" width=\"1200\" height=\"628\" src=\"https:\/\/sn-coaching.com\/wp-content\/uploads\/2025\/10\/cns_bpw.jpg\" class=\"gb-image-9c60314d  ratio-3-2\" alt=\"\" srcset=\"https:\/\/sn-coaching.com\/wp-content\/uploads\/2025\/10\/cns_bpw.jpg 1200w, https:\/\/sn-coaching.com\/wp-content\/uploads\/2025\/10\/cns_bpw-300x157.jpg 300w, https:\/\/sn-coaching.com\/wp-content\/uploads\/2025\/10\/cns_bpw-1024x536.jpg 1024w, https:\/\/sn-coaching.com\/wp-content\/uploads\/2025\/10\/cns_bpw-768x402.jpg 768w\" sizes=\"auto, (max-width: 1200px) 100vw, 1200px\" \/><\/figure>\n\n<h2 class=\"gb-headline gb-headline-b8b2c523 gb-headline-text\"><a href=\"https:\/\/sn-coaching.com\/en\/seminare-vortraege\/face-reading-es-steht-dir-ins-gesicht-geschrieben\/\">Face Reading: \"It's written all over your face!\"<\/a><\/h2>\n\n<div class=\"gb-container gb-container-f2d306ed\">\n<div class=\"gb-headline gb-headline-e3c969e9 gb-headline-text\">Bregenz<\/div>\n\n\n<div class=\"gb-headline gb-headline-498e0bdf gb-headline-text\">, <\/div>\n\n\n<div class=\"gb-headline gb-headline-ddb285f0 gb-headline-text\">Dienstag, 21.10.2025<\/div>\n\n\n<div class=\"gb-headline gb-headline-2eea77d0 gb-headline-text\">, <\/div>\n\n\n<div class=\"gb-headline gb-headline-0c8aabed gb-headline-text\">7:00 p.m.<\/div>\n<\/div>\n\n<p class=\"gb-headline gb-headline-30f4dc6b small gb-headline-text\">Free for BPW members and trial guests (1st and 2nd visit), thereafter \u20ac25.<\/p>\n\n<div class=\"gb-headline gb-headline-abb20cb2 gb-headline-text\">Your face reveals much more than your emotions. It is an open book if you look closely and know how to read it.<\/div>\n<\/div>\n\n<div class=\"gb-headline gb-headline-b1dfe787 link\"><span class=\"gb-icon\"><svg aria-hidden=\"true\" role=\"img\" height=\"1em\" width=\"1em\" viewbox=\"0 0 256 512\" xmlns=\"http:\/\/www.w3.org\/2000\/svg\"><path fill=\"currentColor\" d=\"M224.3 273l-136 136c-9.4 9.4-24.6 9.4-33.9 0l-22.6-22.6c-9.4-9.4-9.4-24.6 0-33.9l96.4-96.4-96.4-96.4c-9.4-9.4-9.4-24.6 0-33.9L54.3 103c9.4-9.4 24.6-9.4 33.9 0l136 136c9.5 9.4 9.5 24.6.1 34z\"><\/path><\/svg><\/span><span class=\"gb-headline-text\"><a href=\"https:\/\/sn-coaching.com\/en\/seminare-vortraege\/face-reading-es-steht-dir-ins-gesicht-geschrieben\/\">Details<\/a><\/span><\/div>\n<\/div><\/div>\n\n<div class=\"gb-grid-column gb-grid-column-0cfe24c1 gb-query-loop-item post-1458 seminare-vortraege type-seminare-vortraege status-publish has-post-thumbnail hentry kategorie-vergangen\"><div class=\"gb-container gb-container-0cfe24c1 bg\"><a class=\"gb-container-link\" href=\"https:\/\/sn-coaching.com\/en\/seminare-vortraege\/kommunikation-fuehrung\/\"><\/a>\n<div class=\"gb-container gb-container-ac3cc37b\">\n<figure class=\"gb-block-image gb-block-image-9c60314d\"><img loading=\"lazy\" decoding=\"async\" width=\"1280\" height=\"831\" src=\"https:\/\/sn-coaching.com\/wp-content\/uploads\/2025\/10\/Erfolg_durch_Kommunikation.jpg\" class=\"gb-image-9c60314d  ratio-3-2\" alt=\"\" srcset=\"https:\/\/sn-coaching.com\/wp-content\/uploads\/2025\/10\/Erfolg_durch_Kommunikation.jpg 1280w, https:\/\/sn-coaching.com\/wp-content\/uploads\/2025\/10\/Erfolg_durch_Kommunikation-300x195.jpg 300w, https:\/\/sn-coaching.com\/wp-content\/uploads\/2025\/10\/Erfolg_durch_Kommunikation-1024x665.jpg 1024w, https:\/\/sn-coaching.com\/wp-content\/uploads\/2025\/10\/Erfolg_durch_Kommunikation-768x499.jpg 768w, https:\/\/sn-coaching.com\/wp-content\/uploads\/2025\/10\/Erfolg_durch_Kommunikation-18x12.jpg 18w\" sizes=\"auto, (max-width: 1280px) 100vw, 1280px\" \/><\/figure>\n\n<h2 class=\"gb-headline gb-headline-b8b2c523 gb-headline-text\"><a href=\"https:\/\/sn-coaching.com\/en\/seminare-vortraege\/kommunikation-fuehrung\/\">Kommunikation in der F\u00fchrung (Tagesworkshop)<\/a><\/h2>\n\n<div class=\"gb-container gb-container-f2d306ed\">\n<div class=\"gb-headline gb-headline-e3c969e9 gb-headline-text\">Wien<\/div>\n\n\n<div class=\"gb-headline gb-headline-498e0bdf gb-headline-text\">, <\/div>\n\n\n<div class=\"gb-headline gb-headline-ddb285f0 gb-headline-text\">4.11.2025<\/div>\n\n\n<div class=\"gb-headline gb-headline-2eea77d0 gb-headline-text\">, <\/div>\n\n\n\n<\/div>\n\n<p class=\"gb-headline gb-headline-30f4dc6b small gb-headline-text\">Ausgebucht!<\/p>\n\n<div class=\"gb-headline gb-headline-abb20cb2 gb-headline-text\">Kommunikation in der F\u00fchrung spiegelt die Werte des Unternehmens. Sie ist klar, offen, verst\u00e4ndlich, respektvoll,<br \/>\r\nschafft Vertrauen und Sicherheit.<\/div>\n<\/div>\n\n<div class=\"gb-headline gb-headline-b1dfe787 link\"><span class=\"gb-icon\"><svg aria-hidden=\"true\" role=\"img\" height=\"1em\" width=\"1em\" viewbox=\"0 0 256 512\" xmlns=\"http:\/\/www.w3.org\/2000\/svg\"><path fill=\"currentColor\" d=\"M224.3 273l-136 136c-9.4 9.4-24.6 9.4-33.9 0l-22.6-22.6c-9.4-9.4-9.4-24.6 0-33.9l96.4-96.4-96.4-96.4c-9.4-9.4-9.4-24.6 0-33.9L54.3 103c9.4-9.4 24.6-9.4 33.9 0l136 136c9.5 9.4 9.5 24.6.1 34z\"><\/path><\/svg><\/span><span class=\"gb-headline-text\"><a href=\"https:\/\/sn-coaching.com\/en\/seminare-vortraege\/kommunikation-fuehrung\/\">Details<\/a><\/span><\/div>\n<\/div><\/div>\n<\/div>\n\n<\/div>\n<\/section>","protected":false},"excerpt":{"rendered":"<p>Seminare und Vortr\u00e4ge R\u00fcckblick: Vergangenes<\/p>","protected":false},"author":1,"featured_media":0,"parent":0,"menu_order":0,"comment_status":"closed","ping_status":"closed","template":"","meta":{"_acf_changed":false,"footnotes":""},"class_list":["post-1846","page","type-page","status-publish"],"acf":[],"yoast_head":"<!-- This site is optimized with the Yoast SEO plugin v27.5 - https:\/\/yoast.com\/product\/yoast-seo-wordpress\/ -->\n<title>Vortr\u00e4ge - SN Coaching<\/title>\n<meta name=\"description\" content=\"SN Coaching bietet Coaching, F\u00fchrungskr\u00e4ftetraining, Face- &amp; Body Reading \u2013 f\u00fcr Privatpersonen und Unternehmen in Wien, Vorarlberg &amp; online.\" \/>\n<meta name=\"robots\" content=\"index, follow, max-snippet:-1, max-image-preview:large, max-video-preview:-1\" \/>\n<link rel=\"canonical\" href=\"https:\/\/sn-coaching.com\/en\/vortrage\/\" \/>\n<meta property=\"og:locale\" content=\"en_US\" \/>\n<meta property=\"og:type\" content=\"article\" \/>\n<meta property=\"og:title\" content=\"Vortr\u00e4ge - SN Coaching\" \/>\n<meta property=\"og:description\" content=\"SN Coaching bietet Coaching, F\u00fchrungskr\u00e4ftetraining, Face- &amp; Body Reading \u2013 f\u00fcr Privatpersonen und Unternehmen in Wien, Vorarlberg &amp; online.\" \/>\n<meta property=\"og:url\" content=\"https:\/\/sn-coaching.com\/en\/vortrage\/\" \/>\n<meta property=\"og:site_name\" content=\"SN Coaching\" \/>\n<meta property=\"article:publisher\" content=\"https:\/\/www.facebook.com\/silvia0502\" \/>\n<meta property=\"article:modified_time\" content=\"2026-02-09T10:34:49+00:00\" \/>\n<meta name=\"twitter:card\" content=\"summary_large_image\" \/>\n<meta name=\"twitter:label1\" content=\"Est. reading time\" \/>\n\t<meta name=\"twitter:data1\" content=\"1 minute\" \/>\n<script type=\"application\/ld+json\" class=\"yoast-schema-graph\">{\"@context\":\"https:\\\/\\\/schema.org\",\"@graph\":[{\"@type\":\"WebPage\",\"@id\":\"https:\\\/\\\/sn-coaching.com\\\/vortrage\\\/\",\"url\":\"https:\\\/\\\/sn-coaching.com\\\/vortrage\\\/\",\"name\":\"Vortr\u00e4ge - SN Coaching\",\"isPartOf\":{\"@id\":\"https:\\\/\\\/sn-coaching.com\\\/#website\"},\"datePublished\":\"2025-12-11T08:26:20+00:00\",\"dateModified\":\"2026-02-09T10:34:49+00:00\",\"description\":\"SN Coaching bietet Coaching, F\u00fchrungskr\u00e4ftetraining, Face- & Body Reading \u2013 f\u00fcr Privatpersonen und Unternehmen in Wien, Vorarlberg & online.\",\"breadcrumb\":{\"@id\":\"https:\\\/\\\/sn-coaching.com\\\/vortrage\\\/#breadcrumb\"},\"inLanguage\":\"en-US\",\"potentialAction\":[{\"@type\":\"ReadAction\",\"target\":[\"https:\\\/\\\/sn-coaching.com\\\/vortrage\\\/\"]}]},{\"@type\":\"BreadcrumbList\",\"@id\":\"https:\\\/\\\/sn-coaching.com\\\/vortrage\\\/#breadcrumb\",\"itemListElement\":[{\"@type\":\"ListItem\",\"position\":1,\"name\":\"Startseite\",\"item\":\"https:\\\/\\\/sn-coaching.com\\\/\"},{\"@type\":\"ListItem\",\"position\":2,\"name\":\"Vortr\u00e4ge\"}]},{\"@type\":\"WebSite\",\"@id\":\"https:\\\/\\\/sn-coaching.com\\\/#website\",\"url\":\"https:\\\/\\\/sn-coaching.com\\\/\",\"name\":\"SN Coaching\",\"description\":\"Silvia Nussbaumer\",\"publisher\":{\"@id\":\"https:\\\/\\\/sn-coaching.com\\\/#organization\"},\"potentialAction\":[{\"@type\":\"SearchAction\",\"target\":{\"@type\":\"EntryPoint\",\"urlTemplate\":\"https:\\\/\\\/sn-coaching.com\\\/?s={search_term_string}\"},\"query-input\":{\"@type\":\"PropertyValueSpecification\",\"valueRequired\":true,\"valueName\":\"search_term_string\"}}],\"inLanguage\":\"en-US\"},{\"@type\":\"Organization\",\"@id\":\"https:\\\/\\\/sn-coaching.com\\\/#organization\",\"name\":\"SN Coaching\",\"url\":\"https:\\\/\\\/sn-coaching.com\\\/\",\"logo\":{\"@type\":\"ImageObject\",\"inLanguage\":\"en-US\",\"@id\":\"https:\\\/\\\/sn-coaching.com\\\/#\\\/schema\\\/logo\\\/image\\\/\",\"url\":\"https:\\\/\\\/sn-coaching.com\\\/wp-content\\\/uploads\\\/2025\\\/09\\\/Logo_SN_weiss_silvia.svg\",\"contentUrl\":\"https:\\\/\\\/sn-coaching.com\\\/wp-content\\\/uploads\\\/2025\\\/09\\\/Logo_SN_weiss_silvia.svg\",\"width\":355,\"height\":144,\"caption\":\"SN Coaching\"},\"image\":{\"@id\":\"https:\\\/\\\/sn-coaching.com\\\/#\\\/schema\\\/logo\\\/image\\\/\"},\"sameAs\":[\"https:\\\/\\\/www.facebook.com\\\/silvia0502\",\"https:\\\/\\\/www.instagram.com\\\/s.nussbaumer\\\/\",\"https:\\\/\\\/www.linkedin.com\\\/in\\\/silvia-nussbaumer-58a57a83\\\/\"]}]}<\/script>\n<!-- \/ Yoast SEO plugin. -->","yoast_head_json":{"title":"Vortr\u00e4ge - SN Coaching","description":"SN Coaching bietet Coaching, F\u00fchrungskr\u00e4ftetraining, Face- & Body Reading \u2013 f\u00fcr Privatpersonen und Unternehmen in Wien, Vorarlberg & online.","robots":{"index":"index","follow":"follow","max-snippet":"max-snippet:-1","max-image-preview":"max-image-preview:large","max-video-preview":"max-video-preview:-1"},"canonical":"https:\/\/sn-coaching.com\/en\/vortrage\/","og_locale":"en_US","og_type":"article","og_title":"Vortr\u00e4ge - SN Coaching","og_description":"SN Coaching bietet Coaching, F\u00fchrungskr\u00e4ftetraining, Face- & Body Reading \u2013 f\u00fcr Privatpersonen und Unternehmen in Wien, Vorarlberg & online.","og_url":"https:\/\/sn-coaching.com\/en\/vortrage\/","og_site_name":"SN Coaching","article_publisher":"https:\/\/www.facebook.com\/silvia0502","article_modified_time":"2026-02-09T10:34:49+00:00","twitter_card":"summary_large_image","twitter_misc":{"Est. reading time":"1 minute"},"schema":{"@context":"https:\/\/schema.org","@graph":[{"@type":"WebPage","@id":"https:\/\/sn-coaching.com\/vortrage\/","url":"https:\/\/sn-coaching.com\/vortrage\/","name":"Vortr\u00e4ge - SN Coaching","isPartOf":{"@id":"https:\/\/sn-coaching.com\/#website"},"datePublished":"2025-12-11T08:26:20+00:00","dateModified":"2026-02-09T10:34:49+00:00","description":"SN Coaching bietet Coaching, F\u00fchrungskr\u00e4ftetraining, Face- & Body Reading \u2013 f\u00fcr Privatpersonen und Unternehmen in Wien, Vorarlberg & online.","breadcrumb":{"@id":"https:\/\/sn-coaching.com\/vortrage\/#breadcrumb"},"inLanguage":"en-US","potentialAction":[{"@type":"ReadAction","target":["https:\/\/sn-coaching.com\/vortrage\/"]}]},{"@type":"BreadcrumbList","@id":"https:\/\/sn-coaching.com\/vortrage\/#breadcrumb","itemListElement":[{"@type":"ListItem","position":1,"name":"Startseite","item":"https:\/\/sn-coaching.com\/"},{"@type":"ListItem","position":2,"name":"Vortr\u00e4ge"}]},{"@type":"WebSite","@id":"https:\/\/sn-coaching.com\/#website","url":"https:\/\/sn-coaching.com\/","name":"SN Coaching","description":"Silvia Nussbaumer","publisher":{"@id":"https:\/\/sn-coaching.com\/#organization"},"potentialAction":[{"@type":"SearchAction","target":{"@type":"EntryPoint","urlTemplate":"https:\/\/sn-coaching.com\/?s={search_term_string}"},"query-input":{"@type":"PropertyValueSpecification","valueRequired":true,"valueName":"search_term_string"}}],"inLanguage":"en-US"},{"@type":"Organization","@id":"https:\/\/sn-coaching.com\/#organization","name":"SN Coaching","url":"https:\/\/sn-coaching.com\/","logo":{"@type":"ImageObject","inLanguage":"en-US","@id":"https:\/\/sn-coaching.com\/#\/schema\/logo\/image\/","url":"https:\/\/sn-coaching.com\/wp-content\/uploads\/2025\/09\/Logo_SN_weiss_silvia.svg","contentUrl":"https:\/\/sn-coaching.com\/wp-content\/uploads\/2025\/09\/Logo_SN_weiss_silvia.svg","width":355,"height":144,"caption":"SN Coaching"},"image":{"@id":"https:\/\/sn-coaching.com\/#\/schema\/logo\/image\/"},"sameAs":["https:\/\/www.facebook.com\/silvia0502","https:\/\/www.instagram.com\/s.nussbaumer\/","https:\/\/www.linkedin.com\/in\/silvia-nussbaumer-58a57a83\/"]}]}},"_links":{"self":[{"href":"https:\/\/sn-coaching.com\/en\/wp-json\/wp\/v2\/pages\/1846","targetHints":{"allow":["GET"]}}],"collection":[{"href":"https:\/\/sn-coaching.com\/en\/wp-json\/wp\/v2\/pages"}],"about":[{"href":"https:\/\/sn-coaching.com\/en\/wp-json\/wp\/v2\/types\/page"}],"author":[{"embeddable":true,"href":"https:\/\/sn-coaching.com\/en\/wp-json\/wp\/v2\/users\/1"}],"replies":[{"embeddable":true,"href":"https:\/\/sn-coaching.com\/en\/wp-json\/wp\/v2\/comments?post=1846"}],"version-history":[{"count":25,"href":"https:\/\/sn-coaching.com\/en\/wp-json\/wp\/v2\/pages\/1846\/revisions"}],"predecessor-version":[{"id":1970,"href":"https:\/\/sn-coaching.com\/en\/wp-json\/wp\/v2\/pages\/1846\/revisions\/1970"}],"wp:attachment":[{"href":"https:\/\/sn-coaching.com\/en\/wp-json\/wp\/v2\/media?parent=1846"}],"curies":[{"name":"wp","href":"https:\/\/api.w.org\/{rel}","templated":true}]}}